{"id":4533,"date":"2017-08-22T16:54:36","date_gmt":"2017-08-22T20:54:36","guid":{"rendered":"https:\/\/emeucom.mywhc.ca\/visit-emu-farm\/hebergement\/"},"modified":"2023-04-26T14:48:37","modified_gmt":"2023-04-26T18:48:37","slug":"accommodations-gertrude-cottage","status":"publish","type":"page","link":"https:\/\/emeucharlevoix.com\/en\/visit-emu-farm\/accommodations-gertrude-cottage\/","title":{"rendered":"Accommodations &#8211; Chez Gertrude cottage"},"content":{"rendered":"\n  <div class=\"banner has-hover\" id=\"banner-143048120\">\n          <div class=\"banner-inner fill\">\n        <div class=\"banner-bg fill\" >\n            <img loading=\"lazy\" decoding=\"async\" width=\"1020\" height=\"213\" src=\"https:\/\/emeucharlevoix.com\/wp-content\/uploads\/2017\/08\/gite-gertrude.jpg\" class=\"bg attachment-large size-large\" alt=\"\" \/>                        <div class=\"overlay\"><\/div>            \n                    <\/div>\n\t\t\n        <div class=\"banner-layers container\">\n            <div class=\"fill banner-link\"><\/div>            \n\n   <div id=\"text-box-1947255371\" class=\"text-box banner-layer x50 md-x50 lg-x50 y50 md-y50 lg-y50 res-text\">\n                                <div class=\"text-box-content text dark\">\n              \n              <div class=\"text-inner text-center\">\n                  \n\n<h1>Accomodations<\/h1>\n<h2>Chez Gertrude cottage<\/h2>\n\n              <\/div>\n           <\/div>\n                            \n<style>\n#text-box-1947255371 {\n  width: 60%;\n}\n#text-box-1947255371 .text-box-content {\n  font-size: 100%;\n}\n<\/style>\n    <\/div>\n \n\n        <\/div>\n      <\/div>\n\n            \n<style>\n#banner-143048120 {\n  padding-top: 400px;\n  background-color: #007680;\n}\n#banner-143048120 .overlay {\n  background-color: rgba(0,0,0,.5);\n}\n#banner-143048120 .banner-bg img {\n  object-position: 88% 0%;\n}\n<\/style>\n  <\/div>\n\n\n  <div id=\"page-header-1459806447\" class=\"page-header-wrapper\">\n  <div class=\"page-title dark featured-title\">\n\n        <div class=\"page-title-bg\">\n      <div class=\"title-bg fill bg-fill\"\n        data-parallax-container=\".page-title\"\n        data-parallax-background\n        data-parallax=\"-\">\n      <\/div>\n      <div class=\"title-overlay fill\"><\/div>\n    <\/div>\n    \n    <div class=\"page-title-inner container align-center flex-row medium-flex-wrap row-reverse\" >\n            <div class=\"title-content flex-col flex-left text-left medium-text-center\">\n        <div class=\"title-breadcrumbs pb-half pt-half\"><nav class=\"woocommerce-breadcrumb breadcrumbs uppercase\" aria-label=\"Breadcrumb\">Home<\/nav><\/div>      <\/div>\n    <\/div>\n\n     \n<style>\n#page-header-1459806447 .page-title-inner {\n  min-height: 25px;\n}\n#page-header-1459806447 {\n  margin-bottom: 0px;\n}\n#page-header-1459806447 .title-overlay {\n  background-color: rgb(214, 209, 190);\n}\n#page-header-1459806447 .featured-title {\n  background-color: rgb(214, 209, 190);\n}\n#page-header-1459806447 .title-bg {\n  background-position: 0% 0%;\n}\n<\/style>\n  <\/div>\n    <\/div>\n  \n\n\n\t<section class=\"section\" id=\"section_710371465\">\n\t\t<div class=\"section-bg fill\" >\n\t\t\t\t\t\t\t\t\t\n\t\t\t\n\t<div class=\"is-border\"\n\t\tstyle=\"border-color:rgb(235, 235, 235);border-width:1px 0px 0px 0px;\">\n\t<\/div>\n\n\t\t<\/div>\n\n\t\t\n\n\t\t<div class=\"section-content relative\">\n\t\t\t\n\n<div class=\"row\"  id=\"row-1131428560\">\n\n\n\t<div id=\"col-1202407516\" class=\"col medium-7 small-12 large-7\"  >\n\t\t\t\t<div class=\"col-inner\"  >\n\t\t\t\n\t\t\t\n\n\t<div id=\"gap-1810573\" class=\"gap-element clearfix\" style=\"display:block; height:auto;\">\n\t\t\n<style>\n#gap-1810573 {\n  padding-top: 30px;\n}\n<\/style>\n\t<\/div>\n\t\n\n<p>Located directly on the centre\u2019s site, the Chez Gertrude cottage has the warm ambiance of the local area. The residence can accommodate up to 10 people and features four spacious bedrooms. The cottage is the ideal place to stay in Charlevoix as a couple, with the family or in a group.<\/p>\n<p>By reserving Chez Gertrude, you are the only guests in the residence. You can also use the kitchen and dining room, relax in the living room, or use the grand patio with a view of Mont du Lac des Cygnes.<\/p>\n\n\t\t<\/div>\n\t\t\t\t\t<\/div>\n\n\t\n\n\t<div id=\"col-1889375416\" class=\"col medium-7 small-12 large-7 col-divided\"  data-animate=\"fadeInUp\">\n\t\t\t\t<div class=\"col-inner\"  >\n\t\t\t\n\t\t\t\n\n<div class=\"row\"  id=\"row-1136086499\">\n\n\n\t<div id=\"col-158891691\" class=\"col medium-6 small-12 large-6\"  >\n\t\t\t\t<div class=\"col-inner\"  >\n\t\t\t\n\t\t\t\n\n<p><strong>Included:<\/strong><\/p>\n<ul>\n<li>4 spacious bedrooms<\/li>\n<li>Living room<\/li>\n<li>Large kitchen with a table that is a great place to sit and talk<\/li>\n<li>Dining room that can seat up to 10 people<\/li>\n<li>Large patio with a barbecue and a view of Mont du Lac des Cygnes<\/li>\n<li>Oven, refrigerator and freezer<\/li>\n<li>Washer, drier, iron and ironing board, hairdryer<\/li>\n<li>Cleaned after your departure<\/li>\n<li>Linen, towels, television, board games and more<\/li>\n<li>Wi-Fi internet<\/li>\n<\/ul>\n\n\t\t<\/div>\n\t\t\t\t\t<\/div>\n\n\t\n\n\t<div id=\"col-355937994\" class=\"col medium-6 small-12 large-6\"  >\n\t\t\t\t<div class=\"col-inner\"  >\n\t\t\t\n\t\t\t\n\n<p><strong>Nearby:<\/strong><\/p>\n<ul>\n<li>Direct access to the Rivi\u00e8re du Gouffre (salmon river)<\/li>\n<li>Direct access to the Florent and Pointes TransCanada trails<\/li>\n<li>Direct access to the Centre de l\u2019\u00e9meu de Charlevoix<\/li>\n<li>15 minutes from Mont du Lac des Cygnes, located in the des Parc national des Grands-Jardins<\/li>\n<li>50 minutes from the Parc national des Hautes-Gorges-de-la-Rivi\u00e8re-Malbaie <\/li>\n<li>10 minutes from Baie St-Paul<\/li>\n<li>25 minutes from Le Massif Ski Resort<\/li>\n<li>40 minutes from the Casino de Charlevoix<\/li>\n<li>25 minutes from the Isle-aux-Coudres ferry<\/li>\n<li>30 minutes from La Malbaie and the Mont Grands-Fonds Ski Resort<\/li>\n<li>90 minutes from Baie Ste-Catherine and whale watching<\/li>\n<li>1 hour from Qu\u00e9bec City<\/li>\n<li>1 minute from the grocery store<\/li>\n<\/ul>\n\n\t\t<\/div>\n\t\t\t\t\t<\/div>\n\n\t\n\n<\/div>\n\t<div class=\"box has-hover   has-hover box-badge hover-dark box-text-bottom\" >\n\n\t\t<div class=\"box-image\" >\n\t\t\t\t\t\t<div class=\"image-cover\" style=\"padding-top:450px;\">\n\t\t\t\t<img loading=\"lazy\" decoding=\"async\" width=\"600\" height=\"405\" src=\"https:\/\/emeucharlevoix.com\/wp-content\/uploads\/2017\/09\/chambre05-1.jpg\" class=\"attachment- size-\" alt=\"\" srcset=\"https:\/\/emeucharlevoix.com\/wp-content\/uploads\/2017\/09\/chambre05-1.jpg 600w, https:\/\/emeucharlevoix.com\/wp-content\/uploads\/2017\/09\/chambre05-1-510x344.jpg 510w\" sizes=\"auto, (max-width: 600px) 100vw, 600px\" \/>\t\t\t\t\t\t\t\t\t\t\t<\/div>\n\t\t\t\t\t<\/div>\n\n\t\t<div class=\"box-text text-center\" >\n\t\t\t<div class=\"box-text-inner\">\n\t\t\t\t\n\n<p>In the heart of the Route des Saveurs in Charlevoix, including the Centre de l\u2019\u00c9meu de Charlevoix, La Ferme Basque, Viandes biologiques de Charlevoix, and les Charcuteries Charlevoisiennes.<\/p>\n\n\t\t\t<\/div>\n\t\t<\/div>\n\t<\/div>\n\t\n\n\t\t<\/div>\n\t\t\t\t\t<\/div>\n\n\t\n\n\t<div id=\"col-573891603\" class=\"col medium-5 small-12 large-5\"  >\n\t\t\t\t<div class=\"col-inner\"  >\n\t\t\t\n\t\t\t\n\n<div class=\"container section-title-container\" ><h3 class=\"section-title section-title-normal\"><b aria-hidden=\"true\"><\/b><span class=\"section-title-main\" ><i class=\"icon-clock\" aria-hidden=\"true\"><\/i>Reserve now!<\/span><b aria-hidden=\"true\"><\/b><\/h3><\/div>\n\n<a href=\"http:\/\/www.gertrude.qc.ca\/\" target=\"_blank\" class=\"button primary\" rel=\"noopener\" >\n\t\t<span>Visit Website G\u00eete chez Gertrude<\/span>\n\t<\/a>\n\n\n<h2>Chez Gertrude<\/h2>\n<p>706, Saint-\u00c9douard (Route 381)<br \/>\nSaint-Urbain, QC<br \/>\nG0A 4K0<\/p>\n<p>Tel.: <strong>418 240-0049<\/strong><br \/>\nEmail:<a href=\"mailto:info@gertrude.qc.ca\"><strong> info@gertrude.qc.ca<\/strong><\/a><\/p>\n<div class=\"row row-collapse\"  id=\"row-1890540864\">\n\n\n\t<div id=\"col-173665440\" class=\"col medium-4 small-12 large-4\"  >\n\t\t\t\t<div class=\"col-inner text-center\"  >\n\t\t\t\n\t\t\t\n\n\t<div class=\"img has-hover x md-x lg-x y md-y lg-y\" id=\"image_1651060431\">\n\t\t\t\t\t\t\t\t<div class=\"img-inner dark\" >\n\t\t\t<img loading=\"lazy\" decoding=\"async\" width=\"100\" height=\"145\" src=\"https:\/\/emeucharlevoix.com\/wp-content\/uploads\/2017\/09\/soleil_3.gif\" class=\"attachment-large size-large\" alt=\"\" \/>\t\t\t\t\t\t\n\t\t\t\t\t<\/div>\n\t\t\t\t\t\t\t\t\n<style>\n#image_1651060431 {\n  width: 40%;\n}\n<\/style>\n\t<\/div>\n\t\n\n\n\t\t<\/div>\n\t\t\t\t\t<\/div>\n\n\t\n\n\t<div id=\"col-2006409299\" class=\"col medium-3 small-12 large-3\"  >\n\t\t\t\t<div class=\"col-inner text-center\"  >\n\t\t\t\n\t\t\t\n\n\t<div class=\"img has-hover x md-x lg-x y md-y lg-y\" id=\"image_390364196\">\n\t\t\t\t\t\t\t\t<div class=\"img-inner dark\" >\n\t\t\t<img loading=\"lazy\" decoding=\"async\" width=\"86\" height=\"150\" src=\"https:\/\/emeucharlevoix.com\/wp-content\/uploads\/2017\/09\/lesgrandprix.gif\" class=\"attachment-large size-large\" alt=\"\" \/>\t\t\t\t\t\t\n\t\t\t\t\t<\/div>\n\t\t\t\t\t\t\t\t\n<style>\n#image_390364196 {\n  width: 40%;\n}\n<\/style>\n\t<\/div>\n\t\n\n\n\t\t<\/div>\n\t\t\t\t\t<\/div>\n\n\t\n\n<\/div>\n\n\t\t<\/div>\n\t\t\t\t\t<\/div>\n\n\t\n\n\n<style>\n#row-1131428560 > .col > .col-inner {\n  padding: 0 0px 0px 0px;\n}\n<\/style>\n<\/div>\n\n\t\t<\/div>\n\n\t\t\n<style>\n#section_710371465 {\n  padding-top: 0px;\n  padding-bottom: 0px;\n  min-height: 300px;\n}\n<\/style>\n\t<\/section>\n\t\n\n\t<script type=\"text\/javascript\">\n  jQuery( document ).ready(function() {\n    function initialize() {\n        var styles = {\n            'flatsome':  [{\n            \"featureType\": \"administrative\",\n            \"stylers\": [\n              { \"visibility\": \"on\" }\n            ]\n          },\n          {\n            \"featureType\": \"road\",\n            \"stylers\": [\n              { \"visibility\": \"on\" },\n              { \"hue\": \"#007680\" }\n            ]\n          },\n          {\n            \"stylers\": [\n\t\t\t  { \"visibility\": \"on\" },\n\t\t\t  { \"hue\": \"#007680\" },\n\t\t\t  { \"saturation\": -30 }\n            ]\n          }\n        ]};\n\n        var myLatlng = new google.maps.LatLng(47.553941, -70.5347655);\n        var myOptions = {\n            zoom: 13,\n            center: myLatlng,\n            mapTypeId: google.maps.MapTypeId.ROADMAP,\n            disableDefaultUI: true,\n            mapTypeId: 'flatsome',\n            draggable: true,\n            zoomControl: true,\n            zoomControlOptions: {\n              position: google.maps.ControlPosition.TOP_LEFT\n            },\n      \t\t\tmapTypeControl: true,\n            mapTypeControlOptions: {\n              position: google.maps.ControlPosition.TOP_LEFT\n            },\n      \t\t\tstreetViewControl: true,\n            streetViewControlOptions: {\n              position: google.maps.ControlPosition.TOP_LEFT\n            },\n            scrollwheel: false,\n            disableDoubleClickZoom: true\n        }\n        var map = new google.maps.Map(document.getElementById(\"map-4190705327-inner\"), myOptions);\n        var styledMapType = new google.maps.StyledMapType(styles['flatsome'], {name: 'flatsome'});\n        map.mapTypes.set('flatsome', styledMapType);\n\n        var marker = new google.maps.Marker({\n            position: myLatlng,\n            map: map,\n            title:\"\"\n        });\n    }\n\n    \/\/ Required to proceed\n    if (!(typeof google === 'object' && typeof google.maps === 'object')) {\n      return\n    }\n\n    initialize()\n    google.maps.event.addDomListener(window, 'resize', initialize);\n    });\n    <\/script>\n\n    <div class=\"google-map relative mb\" id=\"map-4190705327\">\n        <div class=\"map-height\" id=\"map-4190705327-inner\"><\/div>\n        <div id=\"map_overlay_top\"><\/div>\n        <div id=\"map_overlay_bottom\"><\/div>\n                  <div class=\"map_inner map-inner last-reset absolute x100 md-x100 lg-x100 y100 md-y95 lg-y95\">\n              \n\n<h2>Chez Gertrude cottage<\/h2>\n<div class=\"section-info\" data-section-id=\"ad\">\n<div data-section-id=\"ad\">\n<div class=\"section-info-line\">\n<p>706, Saint-\u00c9douard (Rte 381)<br \/>\nSaint-Urbain (Qu\u00e9bec)<br \/>\nG0A 4K0<\/p>\n<p>Tel.: <strong>418 240-0049<\/strong><br \/>\nEmail :\u00a0<strong><a href=\"mailto:info@gertrude.qc.ca\">info@gertrude.qc.ca<\/a><\/strong><\/p>\n<\/div>\n<\/div>\n<\/div>\n\n         <\/div>\n       \n       \n<style>\n#map-4190705327 .map-inner {\n  background-color: rgb(255, 255, 255);\n  max-width: 100%;\n}\n#map-4190705327 .map-height {\n  height: 454px;\n}\n@media (min-width:550px) {\n  #map-4190705327 .map-inner {\n    max-width: 40%;\n  }\n}\n@media (min-width:850px) {\n  #map-4190705327 .map-inner {\n    max-width: 30%;\n  }\n}\n<\/style>\n    <\/div>\n\n\t","protected":false},"excerpt":{"rendered":"","protected":false},"author":1,"featured_media":0,"parent":4492,"menu_order":3,"comment_status":"closed","ping_status":"closed","template":"page-blank.php","meta":{"footnotes":""},"class_list":["post-4533","page","type-page","status-publish","hentry"],"yoast_head":"<!-- This site is optimized with the Yoast SEO plugin v27.1.1 - https:\/\/yoast.com\/product\/yoast-seo-wordpress\/ -->\n<title>Accommodations - Chez Gertrude cottage - Emeu Charlevoix<\/title>\n<meta name=\"robots\" content=\"index, follow, max-snippet:-1, max-image-preview:large, max-video-preview:-1\" \/>\n<link rel=\"canonical\" href=\"https:\/\/emeucharlevoix.com\/en\/visit-emu-farm\/accommodations-gertrude-cottage\/\" \/>\n<meta property=\"og:locale\" content=\"en_US\" \/>\n<meta property=\"og:type\" content=\"article\" \/>\n<meta property=\"og:title\" content=\"H\u00e9bergement - G\u00eete chez Gertrude\" \/>\n<meta property=\"og:description\" content=\"Situ\u00e9 directement sur le site du Centre, le gite Chez Gertrude vous offre une ambiance chaleureuse du terroir. La r\u00e9sidence peut loger jusqu\u2019\u00e0 10 personnes divis\u00e9es en 4 chambres spacieuses. Le gite est l\u2019endroit id\u00e9al pour s\u00e9journer dans Charlevoix en couple, en famille ou en groupe.\" \/>\n<meta property=\"og:url\" content=\"https:\/\/emeucharlevoix.com\/en\/visit-emu-farm\/accommodations-gertrude-cottage\/\" \/>\n<meta property=\"og:site_name\" content=\"Emeu Charlevoix\" \/>\n<meta property=\"article:publisher\" content=\"https:\/\/www.facebook.com\/Emeucharlevoix\" \/>\n<meta property=\"article:modified_time\" content=\"2023-04-26T18:48:37+00:00\" \/>\n<meta name=\"twitter:card\" content=\"summary_large_image\" \/>\n<meta name=\"twitter:site\" content=\"@emeucharlevoix\" \/>\n<meta name=\"twitter:label1\" content=\"Est. reading time\" \/>\n\t<meta name=\"twitter:data1\" content=\"3 minutes\" \/>\n<script type=\"application\/ld+json\" class=\"yoast-schema-graph\">{\"@context\":\"https:\/\/schema.org\",\"@graph\":[{\"@type\":\"WebPage\",\"@id\":\"https:\/\/emeucharlevoix.com\/en\/visit-emu-farm\/accommodations-gertrude-cottage\/\",\"url\":\"https:\/\/emeucharlevoix.com\/en\/visit-emu-farm\/accommodations-gertrude-cottage\/\",\"name\":\"Accommodations - Chez Gertrude cottage - Emeu Charlevoix\",\"isPartOf\":{\"@id\":\"https:\/\/emeucharlevoix.com\/en\/#website\"},\"datePublished\":\"2017-08-22T20:54:36+00:00\",\"dateModified\":\"2023-04-26T18:48:37+00:00\",\"breadcrumb\":{\"@id\":\"https:\/\/emeucharlevoix.com\/en\/visit-emu-farm\/accommodations-gertrude-cottage\/#breadcrumb\"},\"inLanguage\":\"en-CA\",\"potentialAction\":[{\"@type\":\"ReadAction\",\"target\":[\"https:\/\/emeucharlevoix.com\/en\/visit-emu-farm\/accommodations-gertrude-cottage\/\"]}]},{\"@type\":\"BreadcrumbList\",\"@id\":\"https:\/\/emeucharlevoix.com\/en\/visit-emu-farm\/accommodations-gertrude-cottage\/#breadcrumb\",\"itemListElement\":[{\"@type\":\"ListItem\",\"position\":1,\"name\":\"Experience Australia in the heart of Charlevoix!\",\"item\":\"https:\/\/emeucharlevoix.com\/en\/visit-emu-farm\/\"},{\"@type\":\"ListItem\",\"position\":2,\"name\":\"Accommodations &#8211; Chez Gertrude cottage\"}]},{\"@type\":\"WebSite\",\"@id\":\"https:\/\/emeucharlevoix.com\/en\/#website\",\"url\":\"https:\/\/emeucharlevoix.com\/en\/\",\"name\":\"Emeu Charlevoix\",\"description\":\"Nature&#039;s gift to your skin\",\"publisher\":{\"@id\":\"https:\/\/emeucharlevoix.com\/en\/#organization\"},\"potentialAction\":[{\"@type\":\"SearchAction\",\"target\":{\"@type\":\"EntryPoint\",\"urlTemplate\":\"https:\/\/emeucharlevoix.com\/en\/?s={search_term_string}\"},\"query-input\":{\"@type\":\"PropertyValueSpecification\",\"valueRequired\":true,\"valueName\":\"search_term_string\"}}],\"inLanguage\":\"en-CA\"},{\"@type\":\"Organization\",\"@id\":\"https:\/\/emeucharlevoix.com\/en\/#organization\",\"name\":\"Emeu Charlevoix\",\"url\":\"https:\/\/emeucharlevoix.com\/en\/\",\"logo\":{\"@type\":\"ImageObject\",\"inLanguage\":\"en-CA\",\"@id\":\"https:\/\/emeucharlevoix.com\/en\/#\/schema\/logo\/image\/\",\"url\":\"https:\/\/emeucharlevoix.com\/wp-content\/uploads\/2017\/07\/emeu-charlevoix-top.png\",\"contentUrl\":\"https:\/\/emeucharlevoix.com\/wp-content\/uploads\/2017\/07\/emeu-charlevoix-top.png\",\"width\":288,\"height\":229,\"caption\":\"Emeu Charlevoix\"},\"image\":{\"@id\":\"https:\/\/emeucharlevoix.com\/en\/#\/schema\/logo\/image\/\"},\"sameAs\":[\"https:\/\/www.facebook.com\/Emeucharlevoix\",\"https:\/\/x.com\/emeucharlevoix\",\"https:\/\/www.youtube.com\/channel\/UCsaMSpbpc9n05S0brEVo7jg\"]}]}<\/script>\n<!-- \/ Yoast SEO plugin. -->","yoast_head_json":{"title":"Accommodations - Chez Gertrude cottage - Emeu Charlevoix","robots":{"index":"index","follow":"follow","max-snippet":"max-snippet:-1","max-image-preview":"max-image-preview:large","max-video-preview":"max-video-preview:-1"},"canonical":"https:\/\/emeucharlevoix.com\/en\/visit-emu-farm\/accommodations-gertrude-cottage\/","og_locale":"en_US","og_type":"article","og_title":"H\u00e9bergement - G\u00eete chez Gertrude","og_description":"Situ\u00e9 directement sur le site du Centre, le gite Chez Gertrude vous offre une ambiance chaleureuse du terroir. La r\u00e9sidence peut loger jusqu\u2019\u00e0 10 personnes divis\u00e9es en 4 chambres spacieuses. Le gite est l\u2019endroit id\u00e9al pour s\u00e9journer dans Charlevoix en couple, en famille ou en groupe.","og_url":"https:\/\/emeucharlevoix.com\/en\/visit-emu-farm\/accommodations-gertrude-cottage\/","og_site_name":"Emeu Charlevoix","article_publisher":"https:\/\/www.facebook.com\/Emeucharlevoix","article_modified_time":"2023-04-26T18:48:37+00:00","twitter_card":"summary_large_image","twitter_site":"@emeucharlevoix","twitter_misc":{"Est. reading time":"3 minutes"},"schema":{"@context":"https:\/\/schema.org","@graph":[{"@type":"WebPage","@id":"https:\/\/emeucharlevoix.com\/en\/visit-emu-farm\/accommodations-gertrude-cottage\/","url":"https:\/\/emeucharlevoix.com\/en\/visit-emu-farm\/accommodations-gertrude-cottage\/","name":"Accommodations - Chez Gertrude cottage - Emeu Charlevoix","isPartOf":{"@id":"https:\/\/emeucharlevoix.com\/en\/#website"},"datePublished":"2017-08-22T20:54:36+00:00","dateModified":"2023-04-26T18:48:37+00:00","breadcrumb":{"@id":"https:\/\/emeucharlevoix.com\/en\/visit-emu-farm\/accommodations-gertrude-cottage\/#breadcrumb"},"inLanguage":"en-CA","potentialAction":[{"@type":"ReadAction","target":["https:\/\/emeucharlevoix.com\/en\/visit-emu-farm\/accommodations-gertrude-cottage\/"]}]},{"@type":"BreadcrumbList","@id":"https:\/\/emeucharlevoix.com\/en\/visit-emu-farm\/accommodations-gertrude-cottage\/#breadcrumb","itemListElement":[{"@type":"ListItem","position":1,"name":"Experience Australia in the heart of Charlevoix!","item":"https:\/\/emeucharlevoix.com\/en\/visit-emu-farm\/"},{"@type":"ListItem","position":2,"name":"Accommodations &#8211; Chez Gertrude cottage"}]},{"@type":"WebSite","@id":"https:\/\/emeucharlevoix.com\/en\/#website","url":"https:\/\/emeucharlevoix.com\/en\/","name":"Emeu Charlevoix","description":"Nature&#039;s gift to your skin","publisher":{"@id":"https:\/\/emeucharlevoix.com\/en\/#organization"},"potentialAction":[{"@type":"SearchAction","target":{"@type":"EntryPoint","urlTemplate":"https:\/\/emeucharlevoix.com\/en\/?s={search_term_string}"},"query-input":{"@type":"PropertyValueSpecification","valueRequired":true,"valueName":"search_term_string"}}],"inLanguage":"en-CA"},{"@type":"Organization","@id":"https:\/\/emeucharlevoix.com\/en\/#organization","name":"Emeu Charlevoix","url":"https:\/\/emeucharlevoix.com\/en\/","logo":{"@type":"ImageObject","inLanguage":"en-CA","@id":"https:\/\/emeucharlevoix.com\/en\/#\/schema\/logo\/image\/","url":"https:\/\/emeucharlevoix.com\/wp-content\/uploads\/2017\/07\/emeu-charlevoix-top.png","contentUrl":"https:\/\/emeucharlevoix.com\/wp-content\/uploads\/2017\/07\/emeu-charlevoix-top.png","width":288,"height":229,"caption":"Emeu Charlevoix"},"image":{"@id":"https:\/\/emeucharlevoix.com\/en\/#\/schema\/logo\/image\/"},"sameAs":["https:\/\/www.facebook.com\/Emeucharlevoix","https:\/\/x.com\/emeucharlevoix","https:\/\/www.youtube.com\/channel\/UCsaMSpbpc9n05S0brEVo7jg"]}]}},"_links":{"self":[{"href":"https:\/\/emeucharlevoix.com\/en\/wp-json\/wp\/v2\/pages\/4533","targetHints":{"allow":["GET"]}}],"collection":[{"href":"https:\/\/emeucharlevoix.com\/en\/wp-json\/wp\/v2\/pages"}],"about":[{"href":"https:\/\/emeucharlevoix.com\/en\/wp-json\/wp\/v2\/types\/page"}],"author":[{"embeddable":true,"href":"https:\/\/emeucharlevoix.com\/en\/wp-json\/wp\/v2\/users\/1"}],"replies":[{"embeddable":true,"href":"https:\/\/emeucharlevoix.com\/en\/wp-json\/wp\/v2\/comments?post=4533"}],"version-history":[{"count":13,"href":"https:\/\/emeucharlevoix.com\/en\/wp-json\/wp\/v2\/pages\/4533\/revisions"}],"predecessor-version":[{"id":23186,"href":"https:\/\/emeucharlevoix.com\/en\/wp-json\/wp\/v2\/pages\/4533\/revisions\/23186"}],"up":[{"embeddable":true,"href":"https:\/\/emeucharlevoix.com\/en\/wp-json\/wp\/v2\/pages\/4492"}],"wp:attachment":[{"href":"https:\/\/emeucharlevoix.com\/en\/wp-json\/wp\/v2\/media?parent=4533"}],"curies":[{"name":"wp","href":"https:\/\/api.w.org\/{rel}","templated":true}]}}