{"id":9490,"date":"2017-09-19T12:29:54","date_gmt":"2017-09-19T16:29:54","guid":{"rendered":"https:\/\/emeucom.mywhc.ca\/emeu-charlevoix-2\/"},"modified":"2018-03-26T17:28:23","modified_gmt":"2018-03-26T21:28:23","slug":"emeu-charlevoix","status":"publish","type":"page","link":"https:\/\/emeucharlevoix.com\/en\/emeu-charlevoix\/","title":{"rendered":"About the Centre de l&#8217;\u00c9meu de Charlevoix"},"content":{"rendered":"  <div id=\"page-header-2119535490\" class=\"page-header-wrapper\">\n  <div class=\"page-title dark featured-title has-parallax\">\n\n        <div class=\"page-title-bg\">\n      <div class=\"title-bg fill bg-fill\"\n        data-parallax-container=\".page-title\"\n        data-parallax-background\n        data-parallax=\"-2\">\n      <\/div>\n      <div class=\"title-overlay fill\"><\/div>\n    <\/div>\n    \n    <div class=\"page-title-inner container align-center text-center flex-row-col medium-flex-wrap\" >\n              <div class=\"title-wrapper flex-col\">\n          <h1 class=\"entry-title mb-0\">\n            About the Centre de l'\u00c9meu de Charlevoix          <\/h1>\n        <\/div>\n                    <div class=\"title-content flex-col\">\n              <\/div>\n    <\/div>\n\n     \n<style>\n#page-header-2119535490 .page-title-inner {\n  min-height: 400px;\n}\n#page-header-2119535490 {\n  margin-bottom: 42px;\n}\n#page-header-2119535490 .title-bg {\n  background-image: url(https:\/\/emeucharlevoix.com\/wp-content\/uploads\/2017\/09\/oeuf-emeu.jpg);\n}\n<\/style>\n  <\/div>\n    <\/div>\n  \n<div class=\"row\"  id=\"row-244178238\">\n\n\t<div id=\"col-1300074404\" class=\"col medium-6 small-12 large-6\"  >\n\t\t\t\t<div class=\"col-inner\"  >\n\t\t\t\n\t\t\t\n<h2>The Centre de l&#8217;\u00c9meu de Charlevoix develops a line of pure emu oil-based products and is the largest emu farm in Canada.<\/h2>\n<p>In business since 1997, today the Centre de l&#8217;\u00c9meu de Charlevoix produces and sells pure emu oil and a line of Emeu CharlevoixTM skincare products locally in Qu\u00e9bec as well as all over Canada and in many European countries. The company also has its own boutiques, located at the March\u00e9 du Vieux-Port in Qu\u00e9bec City, in the historic Vieux-Bourg neighbourhood in Beauport as well as at its Saint-Urbain farm in Charlevoix.<\/p>\n<p>A must-see agritourism complex is situated at the Centre de l&#8217;\u00c9meu de Charlevoix\u2019s livestock farm, which is a member of the \u00c9conomus\u00e9es du Qu\u00e9bec and the Route des Saveurs de Charlevoix. Visitors can enjoy the largest emu farm in Canada, which houses more than 400 emus.<\/p>\n<p>Visitors can also taste the exotic and surprisingly delicious emu meat from the Austravoix line in several of the region\u2019s renowned restaurants. It is also found at several points of sale and directly at the Centre de l&#8217;\u00c9meu de Charlevoix\u2019s farm. <\/p>\n\t<div class=\"img has-hover x md-x lg-x y md-y lg-y\" id=\"image_1569534800\">\n\t\t\t\t\t\t\t\t<div class=\"img-inner dark\" >\n\t\t\t<img loading=\"lazy\" decoding=\"async\" width=\"1020\" height=\"685\" src=\"https:\/\/emeucharlevoix.com\/wp-content\/uploads\/2017\/07\/\u00c9meu0865-1024x688.jpg\" class=\"attachment-large size-large\" alt=\"\" srcset=\"https:\/\/emeucharlevoix.com\/wp-content\/uploads\/2017\/07\/\u00c9meu0865-1024x688.jpg 1024w, https:\/\/emeucharlevoix.com\/wp-content\/uploads\/2017\/07\/\u00c9meu0865-510x343.jpg 510w, https:\/\/emeucharlevoix.com\/wp-content\/uploads\/2017\/07\/\u00c9meu0865-300x202.jpg 300w, https:\/\/emeucharlevoix.com\/wp-content\/uploads\/2017\/07\/\u00c9meu0865-768x516.jpg 768w, https:\/\/emeucharlevoix.com\/wp-content\/uploads\/2017\/07\/\u00c9meu0865.jpg 2000w\" sizes=\"auto, (max-width: 1020px) 100vw, 1020px\" \/>\t\t\t\t\t\t\n\t\t\t\t\t<\/div>\n\t\t\t\t\t\t\t\t\n<style>\n#image_1569534800 {\n  width: 100%;\n}\n<\/style>\n\t<\/div>\n\t\n\t\t<\/div>\n\t\t\t\t\t<\/div>\n\n\t\n\n\t<div id=\"col-865991552\" class=\"col medium-6 small-12 large-6\"  >\n\t\t\t\t<div class=\"col-inner\"  >\n\t\t\t\n\t\t\t\n<h2>The founder<\/h2>\n<blockquote>\n<p>Six generations of my ancestors were farmers on the land where we are now. When it came to starting up an emu farm, I didn\u2019t hesitate to choose Saint-Urbain and the family lands upon which I grew up!<\/p>\n<\/blockquote>\n\t<div class=\"box has-hover   has-hover box-vertical box-text-bottom\" >\n\n\t\t<div class=\"box-image\" >\n\t\t\t\t\t\t<div class=\"image-cover\" style=\"padding-top:317px;\">\n\t\t\t\t<img loading=\"lazy\" decoding=\"async\" width=\"360\" height=\"450\" src=\"https:\/\/emeucharlevoix.com\/wp-content\/uploads\/2017\/09\/27428_g.jpg\" class=\"attachment- size-\" alt=\"Raymonde Tremblay\" srcset=\"https:\/\/emeucharlevoix.com\/wp-content\/uploads\/2017\/09\/27428_g.jpg 360w, https:\/\/emeucharlevoix.com\/wp-content\/uploads\/2017\/09\/27428_g-240x300.jpg 240w\" sizes=\"auto, (max-width: 360px) 100vw, 360px\" \/>\t\t\t\t\t\t\t\t\t\t\t<\/div>\n\t\t\t\t\t<\/div>\n\n\t\t<div class=\"box-text text-center\" >\n\t\t\t<div class=\"box-text-inner\">\n\t\t\t\t\n<h4>Raymonde Tremblay<\/h4>\n<p>Raymonde Tremblay, President and Founder of the Centre de l\u2019\u00c9meu de Charlevoix.<\/p>\n\t\t\t<\/div>\n\t\t<\/div>\n\t<\/div>\n\t\n<p>With an MBA and as a trained dietician, Raymonde Tremblay met her first baby emu during a trade show. She fell in love instantly and immediately began to form her business. It was in 1997 when the first flock of emus arrived on her ancestral homeland.<\/p>\n<p>Many years have been invested to breed emu properly in a healthy, caring environment as well as develop a unique 100% pure emu oil manufacturing process. Today, the company boasts 20 very high-quality natural body care products. Raymonde Tremblay is extremely proud of her business.<\/p>\n<p>She launched her most recent project in 2017 after a $1 million investment to provide the public with a renovated agritourism complex. In collaboration with the Soci\u00e9t\u00e9 du r\u00e9seau \u00c9conomus\u00e9e, the Centre de l\u2019\u00c9meu de Charlevoix\u2019s farm offers a world of discovery through an exotic and family-oriented experience. <\/p>\n\t\t<\/div>\n\t\t\t\t\t<\/div>\n\n\t\n<\/div>\n","protected":false},"excerpt":{"rendered":"","protected":false},"author":1,"featured_media":0,"parent":0,"menu_order":0,"comment_status":"closed","ping_status":"closed","template":"page-blank.php","meta":{"footnotes":""},"class_list":["post-9490","page","type-page","status-publish","hentry"],"yoast_head":"<!-- This site is optimized with the Yoast SEO plugin v27.1.1 - https:\/\/yoast.com\/product\/yoast-seo-wordpress\/ -->\n<title>About the Centre de l&#039;\u00c9meu de Charlevoix<\/title>\n<meta name=\"description\" content=\"The Centre de l&#039;\u00c9meu de Charlevoix develops a line of pure emu oil-based products and is the largest emu farm in Canada.\" \/>\n<meta name=\"robots\" content=\"index, follow, max-snippet:-1, max-image-preview:large, max-video-preview:-1\" \/>\n<link rel=\"canonical\" href=\"https:\/\/emeucharlevoix.com\/en\/emeu-charlevoix\/\" \/>\n<meta property=\"og:locale\" content=\"en_US\" \/>\n<meta property=\"og:type\" content=\"article\" \/>\n<meta property=\"og:title\" content=\"\u00c0 propos du Centre de l&#039;\u00c9meu de Charlevoix\" \/>\n<meta property=\"og:description\" content=\"Le Centre de l\u2019\u00c9meu de Charlevoix : gamme de produits \u00e0 base d\u2019huile d\u2019\u00e9meu pure et plus grande ferme d\u2019\u00e9meus au Canada.\" \/>\n<meta property=\"og:url\" content=\"https:\/\/emeucharlevoix.com\/en\/emeu-charlevoix\/\" \/>\n<meta property=\"og:site_name\" content=\"Emeu Charlevoix\" \/>\n<meta property=\"article:publisher\" content=\"https:\/\/www.facebook.com\/Emeucharlevoix\" \/>\n<meta property=\"article:modified_time\" content=\"2018-03-26T21:28:23+00:00\" \/>\n<meta name=\"twitter:card\" content=\"summary_large_image\" \/>\n<meta name=\"twitter:site\" content=\"@emeucharlevoix\" \/>\n<meta name=\"twitter:label1\" content=\"Est. reading time\" \/>\n\t<meta name=\"twitter:data1\" content=\"2 minutes\" \/>\n<script type=\"application\/ld+json\" class=\"yoast-schema-graph\">{\"@context\":\"https:\/\/schema.org\",\"@graph\":[{\"@type\":\"WebPage\",\"@id\":\"https:\/\/emeucharlevoix.com\/en\/emeu-charlevoix\/\",\"url\":\"https:\/\/emeucharlevoix.com\/en\/emeu-charlevoix\/\",\"name\":\"About the Centre de l'\u00c9meu de Charlevoix\",\"isPartOf\":{\"@id\":\"https:\/\/emeucharlevoix.com\/en\/#website\"},\"datePublished\":\"2017-09-19T16:29:54+00:00\",\"dateModified\":\"2018-03-26T21:28:23+00:00\",\"description\":\"The Centre de l'\u00c9meu de Charlevoix develops a line of pure emu oil-based products and is the largest emu farm in Canada.\",\"inLanguage\":\"en-CA\",\"potentialAction\":[{\"@type\":\"ReadAction\",\"target\":[\"https:\/\/emeucharlevoix.com\/en\/emeu-charlevoix\/\"]}]},{\"@type\":\"WebSite\",\"@id\":\"https:\/\/emeucharlevoix.com\/en\/#website\",\"url\":\"https:\/\/emeucharlevoix.com\/en\/\",\"name\":\"Emeu Charlevoix\",\"description\":\"Nature&#039;s gift to your skin\",\"publisher\":{\"@id\":\"https:\/\/emeucharlevoix.com\/en\/#organization\"},\"potentialAction\":[{\"@type\":\"SearchAction\",\"target\":{\"@type\":\"EntryPoint\",\"urlTemplate\":\"https:\/\/emeucharlevoix.com\/en\/?s={search_term_string}\"},\"query-input\":{\"@type\":\"PropertyValueSpecification\",\"valueRequired\":true,\"valueName\":\"search_term_string\"}}],\"inLanguage\":\"en-CA\"},{\"@type\":\"Organization\",\"@id\":\"https:\/\/emeucharlevoix.com\/en\/#organization\",\"name\":\"Emeu Charlevoix\",\"url\":\"https:\/\/emeucharlevoix.com\/en\/\",\"logo\":{\"@type\":\"ImageObject\",\"inLanguage\":\"en-CA\",\"@id\":\"https:\/\/emeucharlevoix.com\/en\/#\/schema\/logo\/image\/\",\"url\":\"https:\/\/emeucharlevoix.com\/wp-content\/uploads\/2017\/07\/emeu-charlevoix-top.png\",\"contentUrl\":\"https:\/\/emeucharlevoix.com\/wp-content\/uploads\/2017\/07\/emeu-charlevoix-top.png\",\"width\":288,\"height\":229,\"caption\":\"Emeu Charlevoix\"},\"image\":{\"@id\":\"https:\/\/emeucharlevoix.com\/en\/#\/schema\/logo\/image\/\"},\"sameAs\":[\"https:\/\/www.facebook.com\/Emeucharlevoix\",\"https:\/\/x.com\/emeucharlevoix\",\"https:\/\/www.youtube.com\/channel\/UCsaMSpbpc9n05S0brEVo7jg\"]}]}<\/script>\n<!-- \/ Yoast SEO plugin. -->","yoast_head_json":{"title":"About the Centre de l'\u00c9meu de Charlevoix","description":"The Centre de l'\u00c9meu de Charlevoix develops a line of pure emu oil-based products and is the largest emu farm in Canada.","robots":{"index":"index","follow":"follow","max-snippet":"max-snippet:-1","max-image-preview":"max-image-preview:large","max-video-preview":"max-video-preview:-1"},"canonical":"https:\/\/emeucharlevoix.com\/en\/emeu-charlevoix\/","og_locale":"en_US","og_type":"article","og_title":"\u00c0 propos du Centre de l'\u00c9meu de Charlevoix","og_description":"Le Centre de l\u2019\u00c9meu de Charlevoix : gamme de produits \u00e0 base d\u2019huile d\u2019\u00e9meu pure et plus grande ferme d\u2019\u00e9meus au Canada.","og_url":"https:\/\/emeucharlevoix.com\/en\/emeu-charlevoix\/","og_site_name":"Emeu Charlevoix","article_publisher":"https:\/\/www.facebook.com\/Emeucharlevoix","article_modified_time":"2018-03-26T21:28:23+00:00","twitter_card":"summary_large_image","twitter_site":"@emeucharlevoix","twitter_misc":{"Est. reading time":"2 minutes"},"schema":{"@context":"https:\/\/schema.org","@graph":[{"@type":"WebPage","@id":"https:\/\/emeucharlevoix.com\/en\/emeu-charlevoix\/","url":"https:\/\/emeucharlevoix.com\/en\/emeu-charlevoix\/","name":"About the Centre de l'\u00c9meu de Charlevoix","isPartOf":{"@id":"https:\/\/emeucharlevoix.com\/en\/#website"},"datePublished":"2017-09-19T16:29:54+00:00","dateModified":"2018-03-26T21:28:23+00:00","description":"The Centre de l'\u00c9meu de Charlevoix develops a line of pure emu oil-based products and is the largest emu farm in Canada.","inLanguage":"en-CA","potentialAction":[{"@type":"ReadAction","target":["https:\/\/emeucharlevoix.com\/en\/emeu-charlevoix\/"]}]},{"@type":"WebSite","@id":"https:\/\/emeucharlevoix.com\/en\/#website","url":"https:\/\/emeucharlevoix.com\/en\/","name":"Emeu Charlevoix","description":"Nature&#039;s gift to your skin","publisher":{"@id":"https:\/\/emeucharlevoix.com\/en\/#organization"},"potentialAction":[{"@type":"SearchAction","target":{"@type":"EntryPoint","urlTemplate":"https:\/\/emeucharlevoix.com\/en\/?s={search_term_string}"},"query-input":{"@type":"PropertyValueSpecification","valueRequired":true,"valueName":"search_term_string"}}],"inLanguage":"en-CA"},{"@type":"Organization","@id":"https:\/\/emeucharlevoix.com\/en\/#organization","name":"Emeu Charlevoix","url":"https:\/\/emeucharlevoix.com\/en\/","logo":{"@type":"ImageObject","inLanguage":"en-CA","@id":"https:\/\/emeucharlevoix.com\/en\/#\/schema\/logo\/image\/","url":"https:\/\/emeucharlevoix.com\/wp-content\/uploads\/2017\/07\/emeu-charlevoix-top.png","contentUrl":"https:\/\/emeucharlevoix.com\/wp-content\/uploads\/2017\/07\/emeu-charlevoix-top.png","width":288,"height":229,"caption":"Emeu Charlevoix"},"image":{"@id":"https:\/\/emeucharlevoix.com\/en\/#\/schema\/logo\/image\/"},"sameAs":["https:\/\/www.facebook.com\/Emeucharlevoix","https:\/\/x.com\/emeucharlevoix","https:\/\/www.youtube.com\/channel\/UCsaMSpbpc9n05S0brEVo7jg"]}]}},"_links":{"self":[{"href":"https:\/\/emeucharlevoix.com\/en\/wp-json\/wp\/v2\/pages\/9490","targetHints":{"allow":["GET"]}}],"collection":[{"href":"https:\/\/emeucharlevoix.com\/en\/wp-json\/wp\/v2\/pages"}],"about":[{"href":"https:\/\/emeucharlevoix.com\/en\/wp-json\/wp\/v2\/types\/page"}],"author":[{"embeddable":true,"href":"https:\/\/emeucharlevoix.com\/en\/wp-json\/wp\/v2\/users\/1"}],"replies":[{"embeddable":true,"href":"https:\/\/emeucharlevoix.com\/en\/wp-json\/wp\/v2\/comments?post=9490"}],"version-history":[{"count":3,"href":"https:\/\/emeucharlevoix.com\/en\/wp-json\/wp\/v2\/pages\/9490\/revisions"}],"predecessor-version":[{"id":10429,"href":"https:\/\/emeucharlevoix.com\/en\/wp-json\/wp\/v2\/pages\/9490\/revisions\/10429"}],"wp:attachment":[{"href":"https:\/\/emeucharlevoix.com\/en\/wp-json\/wp\/v2\/media?parent=9490"}],"curies":[{"name":"wp","href":"https:\/\/api.w.org\/{rel}","templated":true}]}}