{"id":9505,"date":"2017-09-18T21:06:48","date_gmt":"2017-09-19T01:06:48","guid":{"rendered":"https:\/\/emeucom.mywhc.ca\/politique-de-confidentialite-2\/"},"modified":"2023-10-13T09:52:05","modified_gmt":"2023-10-13T13:52:05","slug":"website-privacy-policy","status":"publish","type":"page","link":"https:\/\/emeucharlevoix.com\/en\/website-privacy-policy\/","title":{"rendered":"Website privacy policy"},"content":{"rendered":"  <div id=\"page-header-1402208057\" class=\"page-header-wrapper\">\n  <div class=\"page-title dark featured-title\">\n\n        <div class=\"page-title-bg\">\n      <div class=\"title-bg fill bg-fill\"\n        data-parallax-container=\".page-title\"\n        data-parallax-background\n        data-parallax=\"-\">\n      <\/div>\n      <div class=\"title-overlay fill\"><\/div>\n    <\/div>\n    \n    <div class=\"page-title-inner container align-center text-center flex-row-col medium-flex-wrap\" >\n              <div class=\"title-wrapper flex-col\">\n          <h1 class=\"entry-title mb-0\">\n            Website privacy policy          <\/h1>\n        <\/div>\n                    <div class=\"title-content flex-col\">\n        <div class=\"title-breadcrumbs pb-half pt-half\"><nav class=\"woocommerce-breadcrumb breadcrumbs uppercase\" aria-label=\"Breadcrumb\">Home<\/nav><\/div>      <\/div>\n    <\/div>\n\n     \n<style>\n#page-header-1402208057 .page-title-inner {\n  min-height: 250px;\n}\n#page-header-1402208057 {\n  margin-bottom: 25px;\n}\n#page-header-1402208057 .title-bg {\n  background-image: url(https:\/\/emeucharlevoix.com\/wp-content\/uploads\/2017\/09\/huile-emeu-terroir.jpg);\n}\n<\/style>\n  <\/div>\n    <\/div>\n  \n\n<div class=\"row\"  id=\"row-2039007844\">\n\n\n\t<div id=\"col-1441064648\" class=\"col small-12 large-12\"  >\n\t\t\t\t<div class=\"col-inner\"  >\n\t\t\t\n\t\t\t\n\n<p>This statement discloses the privacy practices and policies for Emeu Charlevoix website. If you have any questions about these practices and policies, please contact us at:<\/p>\n<p>Person in charge of personal datas:<\/p>\n<p>Raymonde Tremblay, President and owner<\/p>\n<p>CENTRE DE L\u2019\u00c9MEU DE CHARLEVOIX<br>710 Rue Saint \u00c9douard<br>Saint-Urbain (QC), CANADA<br>G0A 4K0<\/p>\n<p>Phone&nbsp;: (418) 667-5443<\/p>\n<p>Email: info@emeucharlevoix.com<\/p>\n<p>Le Centre de l\u2019\u00c9meu Charlevoix respects your personal privacy. We believe ensuring the security of your personal information is an important part of our job. If we ask you to provide any personal information, we will tell you the purposes for which we intend to use that information. Your personal information is not sold to anyone for any purpose.<\/p>\n<h2>Additional Information<\/h2>\n<p>To learn more about Centre de l\u2019\u00e9meu de Charlevoix policies, please view the following pages:<\/p>\n<p><a href=\"https:\/\/emeucharlevoix.com\/en\/terms-of-use\/\">Terms and conditions<\/a><\/p>\n<p><a href=\"https:\/\/emeucharlevoix.com\/en\/purchase-return-policy\/\">Purchasing \/ Return Policy<\/a><\/p>\n<h2>Information collection, use and disclosure<\/h2>\n<p>Information gathered on emeucharlevoix.com falls under the following categories:<\/p>\n<ul>\n<li>Aggregate Site Use Information<\/li>\n<li>Cookies and Other Technologies<\/li>\n<li>Social Networking<\/li>\n<li>Third party Analytics or Ad Serving Services<\/li>\n<li>Online Order Information and Security<\/li>\n<li>emeucharlevoix.com Membership Information<\/li>\n<li>Subscriptions, Online Gear Swap, and Events List Information<\/li>\n<\/ul>\n<h2>Aggregate website use information<\/h2>\n<p>We record information about the pages viewed by all of our website visitors. This data includes internet protocol (IP) address, browser type, internet service provider (ISP), referring\/exit pages, platform type, date\/time stamp, connection speed, read time, display time, and number of clicks.<\/p>\n<p>We use this data, in aggregate form, to compile statistics and reports for Emeu Charlevoix use, and to improve the online experience for all visitors.<\/p>\n<p>We may, on occasion, provide portions of this aggregate information to vendors, consultants, potential advertisers, or news agencies. Typical uses of the data in this fashion would be to gauge the amount of interest in our site and\/or to plan for site infrastructure improvements.<\/p>\n<h2>Cookies and other technologies<\/h2>\n<p>A cookie is a small text file stored on a user\u2019s hard drive. Cookies are required to shop on our site. We also use cookies to assist with anonymous site traffic analysis, which includes tracking the time\/date of visits, pages viewed, and referring URLs<\/p>\n<p>We may use cookies to serve our remarketing campaigns so that third-party vendors, including Google and Facebook, show our ads on sites across the Internet. You can opt out of the third parties\u2019 use of cookies by visiting their advertising preferences settings.<\/p>\n<p>We may also use web beacons or pixel tags to compile tracking information reports regarding website user demographics, website traffic patterns, and website purchases. None of the tracking information in these reports can be connected to the identities or other personal information of individual users. For our own research purposes we may link tracking information with personal information voluntarily provided by website users. Once such a link is made, all of the linked information is treated as personal information and will be used and disclosed only in accordance with this Privacy Policy.<\/p>\n<h2>Social Network<\/h2>\n<h2>Third party analytics or ad serving services<\/h2>\n<p>Le Centre de l\u2019\u00e9meu de Charlevoix may use certain third-party analytics and\/or ad serving services. The providers of these services may independently collect, use, and disclose your IP address together with information about your visits to this and other websites that they service in accordance with their own privacy policies (and not this privacy policy). These services may use their own cookies and other data collection technologies. They may use this information in order to improve your experience, to gain a view of how people are using websites that they service so that improvements can be made, and as otherwise permitted in their privacy policies.<\/p>\n<p>Le Centre de l\u2019\u00e9meu de Charlevoix may also use targeted advertising service providers to tailor Le Centre de l\u2019\u00e9meu de Charlevoix\u2019s advertisements to your preferences. These advertisements may appear on Le Centre de l\u2019\u00e9meu de Charlevoix\u2019s website or social media sites, or on third party sites. If you have opted in to receive email news or offers, Le Centre de l\u2019\u00e9meu de Charlevoix may use your email address to target advertising to you. You may opt out of participating in these targeted ad programs by unsubscribing from Le Centre de l\u2019\u00e9meu de Charlevoix email newsletters within your emeucharlevoix.com account subscription hub.<\/p>\n<h2>Online order information and security<\/h2>\n<p style=\"background: white; margin: 0in 0in 9.0pt 0in;\"><span style=\"font-family: 'Arial',sans-serif; color: #333333;\">If you place an order online, we only require the information needed to complete the processing of your orders and billing. We also share our users\u2019 personal information with outside shipping companies and credit card processing companies in order to bill and ship your order, but we do not provide any more information than necessary for these purposes. We may also use the information to contact you regarding your order.<\/span><\/p>\n<h2>Our site security<\/h2>\n<p style=\"background: white; margin: 0in 0in 9.0pt 0in;\"><span style=\"font-family: 'Arial',sans-serif; color: #333333;\">We use appropriate security safeguards to protect your personal information against loss, theft, and unauthorized access. Any personal information you provide to <\/span><span style=\"font-size: 12.5pt; font-family: 'Arial',sans-serif; color: #696158;\">Emeu Charlevoix <\/span><span style=\"font-family: 'Arial',sans-serif; color: #333333;\">in connection with a product order is exchanged on a secure server. We use one of today\u2019s most advanced security systems, the Secure Sockets Layer (SSL) protocol, to encrypt, or encode, information you send to us in the order process. The encryption process protects information, such as your credit card number, and billing and shipping information by scrambling it before it is sent from your computer. Only once we receive your information is it decoded, and we make all reasonable efforts to ensure its security on our own systems.<\/span>.<\/p>\n<h2>Warning:<\/h2>\n<p style=\"background: white; margin: 0in 0in 9.0pt 0in;\"><span style=\"font-family: 'Arial',sans-serif; color: #333333;\">E-mail is not a secure means to send personal information, as it is not encrypted. We strongly encourage you to use our secure ordering process when ordering online.<\/span><\/p>\n<h2>International transfers<\/h2>\n<p style=\"background: white; margin: 0in 0in 9.0pt 0in;\"><span style=\"font-family: 'Arial',sans-serif; color: #333333;\">We may transfer your personal information across provincial or national borders to fulfill any of the purposes in this policy or in the Centre de l\u2019\u00e9meu de Charlevoix\u2019s Privacy Code, including to service providers located outside of Canada who may be subject to applicable disclosure laws in those jurisdictions.<\/span><\/p>\n<h2>Updating clients data<\/h2>\n<p style=\"background: white; margin: 0in 0in 9.0pt 0in;\"><span style=\"font-family: 'Arial',sans-serif; color: #333333;\">Clients information previously provided to <\/span><span style=\"font-size: 12.5pt; font-family: 'Arial',sans-serif; color: #696158;\">Emeu Charlevoix <\/span><span style=\"font-family: 'Arial',sans-serif; color: #333333;\">can be updated online through the Client\u2019s dashboard or by calling us at (418) 667-5443.<\/span><\/p>\n<h2>Option de retrait<\/h2>\n<p>Si vous souhaitez retirer vos renseignements personnels de nos bases de donn\u00e9es ou si vous ne d\u00e9sirez plus recevoir de communications de notre part, veuillez \u00e9crire \u00e0 <a href=\"mailto:info@emeucharlevoix.com\">info@emeucharlevoix.com<\/a>.<\/p>\n<h2>Opting out<\/h2>\n<p style=\"background: white; margin: 0in 0in 9.0pt 0in;\"><span style=\"font-family: 'Arial',sans-serif; color: #333333;\">If you wish to have any of your personal information removed from our databases, or if you no longer want us to send any further communications to you, please send an e-mail to&nbsp;<\/span><a href=\"mailto:info@emeucharlevoix.com\"><span style=\"font-size: 12.5pt; font-family: 'Arial',sans-serif; color: #958577;\">info@emeucharlevoix.com<\/span><\/a><span style=\"font-size: 12.5pt; font-family: 'Arial',sans-serif; color: #696158;\">.<\/span><\/p>\n<h2>Email subscription<\/h2>\n<p>Le&nbsp;<span style=\"font-size: 12.5pt; font-family: 'Arial',sans-serif; color: #696158;\">Centre de l\u2019\u00e9meu de Charlevoix\u2019s <\/span><span style=\"font-family: 'Arial',sans-serif; color: #333333;\">newsletters are sent only to users who opt in. Our subscriber database is never sold, rented or loaned to any other parties.<\/span><\/p>\n<p style=\"background: white; margin: 0in 0in 9.0pt 0in;\"><span style=\"font-family: 'Arial',sans-serif; color: #333333;\">From time to time, L<\/span><span style=\"font-size: 12.5pt; font-family: 'Arial',sans-serif; color: #696158;\">e Centre de l\u2019\u00e9meu de Charlevoix <\/span><span style=\"font-family: 'Arial',sans-serif; color: #333333;\">may send you safety notices or recalls related to products you have purchased. You may also receive information about the terms of your membership such as eligibility to vote in the Board of Directors elections and membership share redemption.<\/span><\/p>\n<p style=\"background: white; margin: 0in 0in 9.0pt 0in;\"><span style=\"font-family: 'Arial',sans-serif; color: #333333;\">We collect aggregate information regarding open rates, page views, and generated sales from our HTML email newsletters. Aggregate information does not personally identify individuals. Subscribers concerned about collection of aggregate information may unsubscribe at the bottom of an email campaign by clicking \u201cunsubscribe\u201d button.<\/span><\/p>\n<h2>Fraud prevention<\/h2>\n<p style=\"background: white; margin: 0in 0in 9.0pt 0in;\"><span style=\"font-size: 12.5pt; font-family: 'Arial',sans-serif; color: #696158;\">Le Centre de l\u2019\u00e9meu de Charlevoix <\/span><span style=\"font-family: 'Arial',sans-serif; color: #333333;\">reserves the right to co-operate with local, national, or international law enforcement or other authorities in the investigation of improper or unlawful activities and this may require the disclosure of personal information. If such an investigation requires disclosure of personal information kept in our records, we may be required by law to cooperate. We also reserve the right to report improper or unlawful user activities on our site, which may require the disclosure of personal information relating to those individuals conducting such improper or unlawful activities. There may also be other circumstances under which <\/span><span style=\"font-size: 12.5pt; font-family: 'Arial',sans-serif; color: #696158;\">Le Centre de l\u2019\u00e9meu de Charlevoix <\/span><span style=\"font-family: 'Arial',sans-serif; color: #333333;\">is required by law to disclose personal information.<\/span><\/p>\n<h2>Purposes<\/h2>\n<p>In addition to the above purposes, le Centre de l\u2019\u00e9meu de Charlevoix collects individual\u2019s personal information for the following reasons:<\/p>\n<ul>\n<li>To provide retail services and process customers purchases;<\/li>\n<li>To understand the product and service needs of our customers;<\/li>\n<li>To develop and manage products and services to meet the needs of our customers;<\/li>\n<li>To contact individuals directly for products and services that may be of interest;<\/li>\n<li>To ensure a high standard of service to our customers;<\/li>\n<li>To verify a customer\u2019s identity.<\/li>\n<\/ul>\n<p><strong>Customers Purchases:<\/strong>&nbsp;When customers purchase an item from one of our stores (or through our website) we only request the information needed to complete the processing of orders and billing.<\/p>\n<ul>\n<li>We may share our customers\u2019 personal information with outside shipping companies and credit card processing companies in order to bill and ship orders, but we do not provide any more information than necessary for these purposes.<\/li>\n<li>We may also use the information to contact customers regarding orders or to provide members with future information about our products and services.<\/li>\n<li>We use information on purchases to compile statistics and reports for Centre de l\u2019\u00e9meu de Charlevoix\u2019s use.<\/li>\n<li>We analyse aggregated information to understand our membership and their needs.<\/li>\n<\/ul>\n<h2>Links<\/h2>\n<p style=\"background: white; margin: 0in 0in 9.0pt 0in;\"><span style=\"font-family: 'Arial',sans-serif; color: #333333;\">This website contains links to other sites and advertisements. This privacy statement only applies to information collected by our web site. We are not responsible for the privacy practices and policies of these third parties.<\/span><\/p>\n<p>&nbsp;<\/p>\n<h2>Accuracy of information<\/h2>\n<p style=\"background: white; margin: 0in 0in 9.0pt 0in;\"><span style=\"font-family: 'Arial',sans-serif; color: #333333;\">We strive to ensure that any personal information we retain and use is as accurate, complete and up-to-date as necessary for the purposes for which we will use it. We do not routinely update personal information unless necessary for these purposes. Nonetheless, if our records regarding your personal information are inaccurate or incomplete, we will amend that information at your request.<\/span><\/p>\n<h2>Access to information<\/h2>\n<p style=\"background: white; margin: 0in 0in 9.0pt 0in;\"><span style=\"font-family: 'Arial',sans-serif; color: #333333;\">At your request, we will provide to you a statement explaining the extent to which we hold personal information about you, and we will explain how that information has been used or disclosed by us.<\/span><\/p>\n<p style=\"background: white; margin: 0in 0in 9.0pt 0in;\"><span style=\"font-family: 'Arial',sans-serif; color: #333333;\">This page will be updated if information about the collection and use of your personal data changes.<\/span><\/p>\n<h2>Location based services<\/h2>\n<p>To provide location-based services through the mobile application, le Centre de l\u2019\u00e9meu de Charlevoix and our partners and licensees may collect, use, and share precise location data, including the real-time geographic location of your mobile device. This location data is collected anonymously in a form that does not personally identify you and is used by le Centre de l\u2019\u00e9meu de Charlevoix and our partners and licensees to provide and improve location-based products and services.<\/p>\n<p>Some location-based services offered by le Centre de l\u2019\u00e9meu de Charlevoix, such as the \u201cStore Locator\u201d feature and location-based Push Notifications, require your personal information for the feature to work.<\/p>\n<h2>Changes to this privacy policy<\/h2>\n<p style=\"background: white; margin: 0in 0in 9.0pt 0in;\"><span style=\"font-size: 12.5pt; font-family: 'Arial',sans-serif; color: #696158;\">Le Centre de l\u2019\u00e9meu de Charlevoix <\/span><span style=\"font-family: 'Arial',sans-serif; color: #333333;\">may update this privacy policy in the future. We will notify you about material changes to this privacy policy by placing a prominent notice on our website.<\/span><\/p>\n<p style=\"background: white; margin: 0in 0in 9.0pt 0in;\"><span style=\"font-family: 'Arial',sans-serif; color: #333333;\">Any changes in our use of personal information contrary to customers\u2019 initial consent will be posted, in advance, on our website with instructions regarding consent to any changes. Notices may also be posted in our stores and sent by email. All changes will remain in compliance with federal and provincial privacy legislation.<\/span><\/p>\n<p>&nbsp;<\/p>\n\n\t\t<\/div>\n\t\t\t\t\t<\/div>\n\n\t\n\n<\/div>","protected":false},"excerpt":{"rendered":"","protected":false},"author":1,"featured_media":0,"parent":0,"menu_order":0,"comment_status":"closed","ping_status":"closed","template":"page-blank.php","meta":{"footnotes":""},"class_list":["post-9505","page","type-page","status-publish","hentry"],"yoast_head":"<!-- This site is optimized with the Yoast SEO plugin v27.1.1 - https:\/\/yoast.com\/product\/yoast-seo-wordpress\/ -->\n<title>Website privacy policy - Emeu Charlevoix<\/title>\n<meta name=\"robots\" content=\"index, follow, max-snippet:-1, max-image-preview:large, max-video-preview:-1\" \/>\n<link rel=\"canonical\" href=\"https:\/\/emeucharlevoix.com\/en\/website-privacy-policy\/\" \/>\n<meta property=\"og:locale\" content=\"en_US\" \/>\n<meta property=\"og:type\" content=\"article\" \/>\n<meta property=\"og:title\" content=\"Website privacy policy - Emeu Charlevoix\" \/>\n<meta property=\"og:url\" content=\"https:\/\/emeucharlevoix.com\/en\/website-privacy-policy\/\" \/>\n<meta property=\"og:site_name\" content=\"Emeu Charlevoix\" \/>\n<meta property=\"article:publisher\" content=\"https:\/\/www.facebook.com\/Emeucharlevoix\" \/>\n<meta property=\"article:modified_time\" content=\"2023-10-13T13:52:05+00:00\" \/>\n<meta name=\"twitter:card\" content=\"summary_large_image\" \/>\n<meta name=\"twitter:site\" content=\"@emeucharlevoix\" \/>\n<meta name=\"twitter:label1\" content=\"Est. reading time\" \/>\n\t<meta name=\"twitter:data1\" content=\"10 minutes\" \/>\n<script type=\"application\/ld+json\" class=\"yoast-schema-graph\">{\"@context\":\"https:\/\/schema.org\",\"@graph\":[{\"@type\":\"WebPage\",\"@id\":\"https:\/\/emeucharlevoix.com\/en\/website-privacy-policy\/\",\"url\":\"https:\/\/emeucharlevoix.com\/en\/website-privacy-policy\/\",\"name\":\"Website privacy policy - Emeu Charlevoix\",\"isPartOf\":{\"@id\":\"https:\/\/emeucharlevoix.com\/en\/#website\"},\"datePublished\":\"2017-09-19T01:06:48+00:00\",\"dateModified\":\"2023-10-13T13:52:05+00:00\",\"inLanguage\":\"en-CA\",\"potentialAction\":[{\"@type\":\"ReadAction\",\"target\":[\"https:\/\/emeucharlevoix.com\/en\/website-privacy-policy\/\"]}]},{\"@type\":\"WebSite\",\"@id\":\"https:\/\/emeucharlevoix.com\/en\/#website\",\"url\":\"https:\/\/emeucharlevoix.com\/en\/\",\"name\":\"Emeu Charlevoix\",\"description\":\"Nature&#039;s gift to your skin\",\"publisher\":{\"@id\":\"https:\/\/emeucharlevoix.com\/en\/#organization\"},\"potentialAction\":[{\"@type\":\"SearchAction\",\"target\":{\"@type\":\"EntryPoint\",\"urlTemplate\":\"https:\/\/emeucharlevoix.com\/en\/?s={search_term_string}\"},\"query-input\":{\"@type\":\"PropertyValueSpecification\",\"valueRequired\":true,\"valueName\":\"search_term_string\"}}],\"inLanguage\":\"en-CA\"},{\"@type\":\"Organization\",\"@id\":\"https:\/\/emeucharlevoix.com\/en\/#organization\",\"name\":\"Emeu Charlevoix\",\"url\":\"https:\/\/emeucharlevoix.com\/en\/\",\"logo\":{\"@type\":\"ImageObject\",\"inLanguage\":\"en-CA\",\"@id\":\"https:\/\/emeucharlevoix.com\/en\/#\/schema\/logo\/image\/\",\"url\":\"https:\/\/emeucharlevoix.com\/wp-content\/uploads\/2017\/07\/emeu-charlevoix-top.png\",\"contentUrl\":\"https:\/\/emeucharlevoix.com\/wp-content\/uploads\/2017\/07\/emeu-charlevoix-top.png\",\"width\":288,\"height\":229,\"caption\":\"Emeu Charlevoix\"},\"image\":{\"@id\":\"https:\/\/emeucharlevoix.com\/en\/#\/schema\/logo\/image\/\"},\"sameAs\":[\"https:\/\/www.facebook.com\/Emeucharlevoix\",\"https:\/\/x.com\/emeucharlevoix\",\"https:\/\/www.youtube.com\/channel\/UCsaMSpbpc9n05S0brEVo7jg\"]}]}<\/script>\n<!-- \/ Yoast SEO plugin. -->","yoast_head_json":{"title":"Website privacy policy - Emeu Charlevoix","robots":{"index":"index","follow":"follow","max-snippet":"max-snippet:-1","max-image-preview":"max-image-preview:large","max-video-preview":"max-video-preview:-1"},"canonical":"https:\/\/emeucharlevoix.com\/en\/website-privacy-policy\/","og_locale":"en_US","og_type":"article","og_title":"Website privacy policy - Emeu Charlevoix","og_url":"https:\/\/emeucharlevoix.com\/en\/website-privacy-policy\/","og_site_name":"Emeu Charlevoix","article_publisher":"https:\/\/www.facebook.com\/Emeucharlevoix","article_modified_time":"2023-10-13T13:52:05+00:00","twitter_card":"summary_large_image","twitter_site":"@emeucharlevoix","twitter_misc":{"Est. reading time":"10 minutes"},"schema":{"@context":"https:\/\/schema.org","@graph":[{"@type":"WebPage","@id":"https:\/\/emeucharlevoix.com\/en\/website-privacy-policy\/","url":"https:\/\/emeucharlevoix.com\/en\/website-privacy-policy\/","name":"Website privacy policy - Emeu Charlevoix","isPartOf":{"@id":"https:\/\/emeucharlevoix.com\/en\/#website"},"datePublished":"2017-09-19T01:06:48+00:00","dateModified":"2023-10-13T13:52:05+00:00","inLanguage":"en-CA","potentialAction":[{"@type":"ReadAction","target":["https:\/\/emeucharlevoix.com\/en\/website-privacy-policy\/"]}]},{"@type":"WebSite","@id":"https:\/\/emeucharlevoix.com\/en\/#website","url":"https:\/\/emeucharlevoix.com\/en\/","name":"Emeu Charlevoix","description":"Nature&#039;s gift to your skin","publisher":{"@id":"https:\/\/emeucharlevoix.com\/en\/#organization"},"potentialAction":[{"@type":"SearchAction","target":{"@type":"EntryPoint","urlTemplate":"https:\/\/emeucharlevoix.com\/en\/?s={search_term_string}"},"query-input":{"@type":"PropertyValueSpecification","valueRequired":true,"valueName":"search_term_string"}}],"inLanguage":"en-CA"},{"@type":"Organization","@id":"https:\/\/emeucharlevoix.com\/en\/#organization","name":"Emeu Charlevoix","url":"https:\/\/emeucharlevoix.com\/en\/","logo":{"@type":"ImageObject","inLanguage":"en-CA","@id":"https:\/\/emeucharlevoix.com\/en\/#\/schema\/logo\/image\/","url":"https:\/\/emeucharlevoix.com\/wp-content\/uploads\/2017\/07\/emeu-charlevoix-top.png","contentUrl":"https:\/\/emeucharlevoix.com\/wp-content\/uploads\/2017\/07\/emeu-charlevoix-top.png","width":288,"height":229,"caption":"Emeu Charlevoix"},"image":{"@id":"https:\/\/emeucharlevoix.com\/en\/#\/schema\/logo\/image\/"},"sameAs":["https:\/\/www.facebook.com\/Emeucharlevoix","https:\/\/x.com\/emeucharlevoix","https:\/\/www.youtube.com\/channel\/UCsaMSpbpc9n05S0brEVo7jg"]}]}},"_links":{"self":[{"href":"https:\/\/emeucharlevoix.com\/en\/wp-json\/wp\/v2\/pages\/9505","targetHints":{"allow":["GET"]}}],"collection":[{"href":"https:\/\/emeucharlevoix.com\/en\/wp-json\/wp\/v2\/pages"}],"about":[{"href":"https:\/\/emeucharlevoix.com\/en\/wp-json\/wp\/v2\/types\/page"}],"author":[{"embeddable":true,"href":"https:\/\/emeucharlevoix.com\/en\/wp-json\/wp\/v2\/users\/1"}],"replies":[{"embeddable":true,"href":"https:\/\/emeucharlevoix.com\/en\/wp-json\/wp\/v2\/comments?post=9505"}],"version-history":[{"count":2,"href":"https:\/\/emeucharlevoix.com\/en\/wp-json\/wp\/v2\/pages\/9505\/revisions"}],"predecessor-version":[{"id":24545,"href":"https:\/\/emeucharlevoix.com\/en\/wp-json\/wp\/v2\/pages\/9505\/revisions\/24545"}],"wp:attachment":[{"href":"https:\/\/emeucharlevoix.com\/en\/wp-json\/wp\/v2\/media?parent=9505"}],"curies":[{"name":"wp","href":"https:\/\/api.w.org\/{rel}","templated":true}]}}